{"id":276,"date":"2025-07-25T11:45:53","date_gmt":"2025-07-25T09:45:53","guid":{"rendered":"https:\/\/magolma.netstory.com.pl\/?page_id=276"},"modified":"2025-08-01T14:47:15","modified_gmt":"2025-08-01T12:47:15","slug":"strona-glowna","status":"publish","type":"page","link":"https:\/\/magolma.netstory.com.pl\/","title":{"rendered":"Strona g\u0142\u00f3wna"},"content":{"rendered":"\t\t<div data-elementor-type=\"wp-page\" data-elementor-id=\"276\" class=\"elementor elementor-276\" data-elementor-post-type=\"page\">\n\t\t\t\t<div class=\"elementor-element elementor-element-2fdd05fc e-con-full e-flex e-con e-parent\" data-id=\"2fdd05fc\" data-element_type=\"container\" data-e-type=\"container\">\n\t\t<div class=\"elementor-element elementor-element-5551c7af e-con-full e-flex e-con e-child\" data-id=\"5551c7af\" data-element_type=\"container\" data-e-type=\"container\" data-settings=\"{&quot;background_background&quot;:&quot;classic&quot;}\">\n\t\t\t\t<\/div>\n\t\t<div class=\"elementor-element elementor-element-4056001e e-con-full e-flex e-con e-child\" data-id=\"4056001e\" data-element_type=\"container\" data-e-type=\"container\">\n\t\t\t\t<div class=\"elementor-element elementor-element-20428736 elementor-invisible elementor-widget elementor-widget-heading\" data-id=\"20428736\" data-element_type=\"widget\" data-e-type=\"widget\" data-settings=\"{&quot;_animation&quot;:&quot;fadeInLeft&quot;,&quot;_animation_mobile&quot;:&quot;fadeInDown&quot;}\" data-widget_type=\"heading.default\">\n\t\t\t\t<div class=\"elementor-widget-container\">\n\t\t\t\t\t<h2 class=\"elementor-heading-title elementor-size-default\">Magolma - Wyj\u0105tkowe rozwi\u0105zania dla Twojej przestrzeni<\/h2>\t\t\t\t<\/div>\n\t\t\t\t<\/div>\n\t\t\t\t<div class=\"elementor-element elementor-element-9867581 elementor-widget__width-initial elementor-cta--skin-classic elementor-animated-content elementor-bg-transform elementor-bg-transform-zoom-in elementor-widget elementor-widget-call-to-action\" data-id=\"9867581\" data-element_type=\"widget\" data-e-type=\"widget\" data-widget_type=\"call-to-action.default\">\n\t\t\t\t<div class=\"elementor-widget-container\">\n\t\t\t\t\t\t\t<div class=\"elementor-cta\">\n\t\t\t\t\t\t\t<div class=\"elementor-cta__content\">\n\t\t\t\t\n\t\t\t\t\n\t\t\t\t\t\t\t\t\t<div class=\"elementor-cta__description elementor-cta__content-item elementor-content-item\">\n\t\t\t\t\t\tW Magolma specjalizujemy si\u0119 w dostarczaniu starannie wyselekcjonowanych element\u00f3w ma\u0142ej architektury oraz produkt\u00f3w do aran\u017cacji wn\u0119trz i ogrod\u00f3w. Wsp\u00f3\u0142pracujemy z zaufanymi producentami, dzi\u0119ki czemu oferujemy naszym klientom wy\u0142\u0105cznie sprawdzone rozwi\u0105zania, kt\u00f3re \u0142\u0105cz\u0105 estetyk\u0119, trwa\u0142o\u015b\u0107 i funkcjonalno\u015b\u0107.\n<br>\n<br> Nasza oferta obejmuje szerok\u0105 gam\u0119 produkt\u00f3w \u2013 od eleganckich ogrodze\u0144 i balustrad, przez elementy dekoracyjne i u\u017cytkowe do ogrodu, a\u017c po nowoczesne akcesoria do wn\u0119trz. Dbamy o to, by ka\u017cdy z oferowanych przez nas produkt\u00f3w spe\u0142nia\u0142 najwy\u017csze standardy jako\u015bci i odpowiada\u0142 na aktualne potrzeby rynku oraz wymagania klient\u00f3w.\n<br>\n<br>Naszym celem jest dostarczanie rozwi\u0105za\u0144, kt\u00f3re poprawiaj\u0105 komfort codziennego \u017cycia i jednocze\u015bnie podkre\u015blaj\u0105 charakter ka\u017cdej przestrzeni. Dzi\u0119ki do\u015bwiadczeniu, zaanga\u017cowaniu i indywidualnemu podej\u015bciu do klienta, jeste\u015bmy w stanie zaproponowa\u0107 produkty dopasowane do konkretnych potrzeb \u2013 niezale\u017cnie od tego, czy aran\u017cujesz przydomowy ogr\u00f3d, taras, czy przestrze\u0144 publiczn\u0105.\n<br>\n<br>Magolma to gwarancja profesjonalnej obs\u0142ugi, fachowego doradztwa i estetyki, kt\u00f3ra idzie w parze z jako\u015bci\u0105. Je\u015bli szukasz sprawdzonych rozwi\u0105za\u0144 i chcesz stworzy\u0107 wyj\u0105tkow\u0105 przestrze\u0144 \u2013 jeste\u015b we w\u0142a\u015bciwym miejscu.\t\t\t\t\t<\/div>\n\t\t\t\t\n\t\t\t\t\t\t\t<\/div>\n\t\t\t\t\t\t<\/div>\n\t\t\t\t\t\t<\/div>\n\t\t\t\t<\/div>\n\t\t\t\t<\/div>\n\t\t\t\t<\/div>\n\t\t<div class=\"elementor-element elementor-element-76817be8 e-con-full e-flex e-con e-parent\" data-id=\"76817be8\" data-element_type=\"container\" data-e-type=\"container\" data-settings=\"{&quot;background_background&quot;:&quot;classic&quot;}\">\n\t\t\t\t<div class=\"elementor-element elementor-element-3dcd3c87 elementor-widget__width-inherit elementor-widget-tablet__width-inherit elementor-widget elementor-widget-flex-hero\" data-id=\"3dcd3c87\" data-element_type=\"widget\" data-e-type=\"widget\" data-settings=\"{&quot;primary_button_shape&quot;:&quot;sharp&quot;,&quot;image_shape&quot;:&quot;oval&quot;,&quot;layout_preset&quot;:&quot;showcase&quot;,&quot;layout_column_structure&quot;:&quot;50-50&quot;,&quot;layout_image_position&quot;:&quot;end&quot;,&quot;box_shape&quot;:&quot;sharp&quot;}\" data-widget_type=\"flex-hero.default\">\n\t\t\t\t<div class=\"elementor-widget-container\">\n\t\t\t\t\t\t\t<div class=\"has-shape-sharp shape-type-box has-column-structure-50-50  ehp-flex-hero has-layout-preset-showcase has-image-stretch has-image-position-end\">\n\t\t\t\t\t\t<div class=\"ehp-flex-hero__overlay\"><\/div>\n\t\t\t<div class=\"ehp-flex-hero__content-container\">\n\t\t\t\t<h2 class=\"ehp-flex-hero__intro\">Ma\u0142a architektura<\/h2><h2 class=\"ehp-flex-hero__heading\">NAJLEPSZE PRODUKTY DO DEKORACJI ZEWN\u0118TRZNEJ<\/h2>\t\t\t<div class=\"ehp-flex-hero__ctas-container\">\n\t\t\t\t\t\t<a class=\"has-shape-sharp shape-type-button ehp-button ehp-button--primary ehp-flex-hero__button ehp-flex-hero__button--primary is-type-button has-border\" href=\"https:\/\/magolma.netstory.com.pl\/?page_id=257\">\n\t\t\t\t\t<span class=\"ehp-button__text ehp-flex-hero__button-text ehp-flex-hero__button-text--primary\">\n\t\t\tSprawd\u017c teraz\t\t\t\t<\/a>\n\t\t\t\t\t\t\t\t\t<\/div>\n\t\t\t\t\t<\/div>\n\t\t\t\t<div class=\"ehp-flex-hero__image-wrapper\">\n\t\t\t\t\t<div class=\"ehp-image ehp-flex-hero__image-container\">\n\t\t\t\t<img decoding=\"async\" class=\"ehp-image__img ehp-flex-hero__img has-shape-oval shape-type-image\" src=\"https:\/\/magolma.netstory.com.pl\/wp-content\/uploads\/2025\/07\/deska-120-scaled.webp\" title=\"deska 120&#8242;\" alt=\"Betonowa imitacja deski\" loading=\"lazy\" \/>\t\t\t<\/div>\n\t\t\t\t\t<\/div>\n\t\t\t\t<\/div>\n\t\t\t\t\t\t<\/div>\n\t\t\t\t<\/div>\n\t\t\t\t<\/div>\n\t\t<div class=\"elementor-element elementor-element-61b34b30 e-flex e-con-boxed e-con e-parent\" data-id=\"61b34b30\" data-element_type=\"container\" data-e-type=\"container\">\n\t\t\t\t\t<div class=\"e-con-inner\">\n\t\t\t\t<div class=\"elementor-element elementor-element-5f4892e5 elementor-invisible elementor-widget elementor-widget-heading\" data-id=\"5f4892e5\" data-element_type=\"widget\" data-e-type=\"widget\" data-settings=\"{&quot;_animation&quot;:&quot;fadeIn&quot;,&quot;_animation_delay&quot;:&quot;300&quot;}\" data-widget_type=\"heading.default\">\n\t\t\t\t<div class=\"elementor-widget-container\">\n\t\t\t\t\t<h2 class=\"elementor-heading-title elementor-size-default\">Zobacz co oferujemy<\/h2>\t\t\t\t<\/div>\n\t\t\t\t<\/div>\n\t\t\t\t<div class=\"elementor-element elementor-element-2a58cfd2 elementor-invisible elementor-widget elementor-widget-heading\" data-id=\"2a58cfd2\" data-element_type=\"widget\" data-e-type=\"widget\" data-settings=\"{&quot;_animation&quot;:&quot;fadeIn&quot;}\" data-widget_type=\"heading.default\">\n\t\t\t\t<div class=\"elementor-widget-container\">\n\t\t\t\t\t<h6 class=\"elementor-heading-title elementor-size-default\">WYSelekcjonowane najlepsze produkty na rynku<\/h6>\t\t\t\t<\/div>\n\t\t\t\t<\/div>\n\t\t\t\t\t<\/div>\n\t\t\t\t<\/div>\n\t\t<div class=\"elementor-element elementor-element-6b69a77a e-flex e-con-boxed e-con e-parent\" data-id=\"6b69a77a\" data-element_type=\"container\" data-e-type=\"container\" data-settings=\"{&quot;motion_fx_motion_fx_scrolling&quot;:&quot;yes&quot;,&quot;motion_fx_translateY_effect&quot;:&quot;yes&quot;,&quot;motion_fx_translateY_speed&quot;:{&quot;unit&quot;:&quot;px&quot;,&quot;size&quot;:&quot;1&quot;,&quot;sizes&quot;:[]},&quot;motion_fx_translateY_affectedRange&quot;:{&quot;unit&quot;:&quot;%&quot;,&quot;size&quot;:&quot;&quot;,&quot;sizes&quot;:{&quot;start&quot;:&quot;25&quot;,&quot;end&quot;:&quot;75&quot;}},&quot;motion_fx_devices&quot;:[&quot;desktop&quot;,&quot;tablet&quot;,&quot;mobile&quot;]}\">\n\t\t\t\t\t<div class=\"e-con-inner\">\n\t\t\t\t<div class=\"elementor-element elementor-element-2c37bc3b elementor-widget__width-initial elementor-position-top elementor-widget elementor-widget-image-box\" data-id=\"2c37bc3b\" data-element_type=\"widget\" data-e-type=\"widget\" data-widget_type=\"image-box.default\">\n\t\t\t\t<div class=\"elementor-widget-container\">\n\t\t\t\t\t<div class=\"elementor-image-box-wrapper\"><figure class=\"elementor-image-box-img\"><img fetchpriority=\"high\" decoding=\"async\" width=\"1024\" height=\"1024\" src=\"https:\/\/magolma.netstory.com.pl\/wp-content\/uploads\/2025\/07\/Gemini_Generated_Image_own8hiown8hiown8-kopia.webp\" class=\"attachment-full size-full wp-image-411\" alt=\"\" srcset=\"https:\/\/magolma.netstory.com.pl\/wp-content\/uploads\/2025\/07\/Gemini_Generated_Image_own8hiown8hiown8-kopia.webp 1024w, https:\/\/magolma.netstory.com.pl\/wp-content\/uploads\/2025\/07\/Gemini_Generated_Image_own8hiown8hiown8-kopia-300x300.webp 300w, https:\/\/magolma.netstory.com.pl\/wp-content\/uploads\/2025\/07\/Gemini_Generated_Image_own8hiown8hiown8-kopia-150x150.webp 150w, https:\/\/magolma.netstory.com.pl\/wp-content\/uploads\/2025\/07\/Gemini_Generated_Image_own8hiown8hiown8-kopia-768x768.webp 768w\" sizes=\"(max-width: 1024px) 100vw, 1024px\" \/><\/figure><div class=\"elementor-image-box-content\"><h3 class=\"elementor-image-box-title\">Jako\u015b\u0107<\/h3><p class=\"elementor-image-box-description\">Odkryj pi\u0119kno i harmoni\u0119 Twojej przestrzeni, dzi\u0119ki rozwi\u0105zaniom tworzonym od podstaw z pasj\u0105 ka\u017cdego dnia<\/p><\/div><\/div>\t\t\t\t<\/div>\n\t\t\t\t<\/div>\n\t\t\t\t<div class=\"elementor-element elementor-element-104e46df elementor-widget__width-initial elementor-position-top elementor-widget elementor-widget-image-box\" data-id=\"104e46df\" data-element_type=\"widget\" data-e-type=\"widget\" data-widget_type=\"image-box.default\">\n\t\t\t\t<div class=\"elementor-widget-container\">\n\t\t\t\t\t<div class=\"elementor-image-box-wrapper\"><figure class=\"elementor-image-box-img\"><img decoding=\"async\" width=\"1024\" height=\"1024\" src=\"https:\/\/magolma.netstory.com.pl\/wp-content\/uploads\/2025\/07\/Gemini_Generated_Image_dv1nn9dv1nn9dv1n-kopia.webp\" class=\"attachment-full size-full wp-image-412\" alt=\"\" srcset=\"https:\/\/magolma.netstory.com.pl\/wp-content\/uploads\/2025\/07\/Gemini_Generated_Image_dv1nn9dv1nn9dv1n-kopia.webp 1024w, https:\/\/magolma.netstory.com.pl\/wp-content\/uploads\/2025\/07\/Gemini_Generated_Image_dv1nn9dv1nn9dv1n-kopia-300x300.webp 300w, https:\/\/magolma.netstory.com.pl\/wp-content\/uploads\/2025\/07\/Gemini_Generated_Image_dv1nn9dv1nn9dv1n-kopia-150x150.webp 150w, https:\/\/magolma.netstory.com.pl\/wp-content\/uploads\/2025\/07\/Gemini_Generated_Image_dv1nn9dv1nn9dv1n-kopia-768x768.webp 768w\" sizes=\"(max-width: 1024px) 100vw, 1024px\" \/><\/figure><div class=\"elementor-image-box-content\"><h3 class=\"elementor-image-box-title\">Dostawa<\/h3><p class=\"elementor-image-box-description\">Wyj\u0105tkowy design dostarczany prosto pod Twoje drzwi. Skontaktuj si\u0119 z nami i ciesz si\u0119 pi\u0119knem swojej nowej przestrzeni<\/p><\/div><\/div>\t\t\t\t<\/div>\n\t\t\t\t<\/div>\n\t\t\t\t<div class=\"elementor-element elementor-element-530fb244 elementor-widget__width-initial elementor-position-top elementor-widget elementor-widget-image-box\" data-id=\"530fb244\" data-element_type=\"widget\" data-e-type=\"widget\" data-widget_type=\"image-box.default\">\n\t\t\t\t<div class=\"elementor-widget-container\">\n\t\t\t\t\t<div class=\"elementor-image-box-wrapper\"><figure class=\"elementor-image-box-img\"><img decoding=\"async\" width=\"1024\" height=\"1024\" src=\"https:\/\/magolma.netstory.com.pl\/wp-content\/uploads\/2025\/07\/Gemini_Generated_Image_kih3i4kih3i4kih3-kopia.webp\" class=\"attachment-full size-full wp-image-413\" alt=\"\" srcset=\"https:\/\/magolma.netstory.com.pl\/wp-content\/uploads\/2025\/07\/Gemini_Generated_Image_kih3i4kih3i4kih3-kopia.webp 1024w, https:\/\/magolma.netstory.com.pl\/wp-content\/uploads\/2025\/07\/Gemini_Generated_Image_kih3i4kih3i4kih3-kopia-300x300.webp 300w, https:\/\/magolma.netstory.com.pl\/wp-content\/uploads\/2025\/07\/Gemini_Generated_Image_kih3i4kih3i4kih3-kopia-150x150.webp 150w, https:\/\/magolma.netstory.com.pl\/wp-content\/uploads\/2025\/07\/Gemini_Generated_Image_kih3i4kih3i4kih3-kopia-768x768.webp 768w\" sizes=\"(max-width: 1024px) 100vw, 1024px\" \/><\/figure><div class=\"elementor-image-box-content\"><h3 class=\"elementor-image-box-title\">Indywidualizm<\/h3><p class=\"elementor-image-box-description\">Wznie\u015b swoj\u0105 przestrze\u0144 na wy\u017cszy poziom, dzi\u0119ki naszym kolekcjom rzemie\u015blniczych element\u00f3w ma\u0142ej architektury i idealnie dopasowanym dodatkom<\/p><\/div><\/div>\t\t\t\t<\/div>\n\t\t\t\t<\/div>\n\t\t\t\t\t<\/div>\n\t\t\t\t<\/div>\n\t\t<div class=\"elementor-element elementor-element-1f85fcc4 e-flex e-con-boxed e-con e-parent\" data-id=\"1f85fcc4\" data-element_type=\"container\" data-e-type=\"container\" data-settings=\"{&quot;background_background&quot;:&quot;classic&quot;}\">\n\t\t\t\t\t<div class=\"e-con-inner\">\n\t\t<div class=\"elementor-element elementor-element-136a46b8 e-con-full e-flex e-con e-child\" data-id=\"136a46b8\" data-element_type=\"container\" data-e-type=\"container\">\n\t\t\t\t<div class=\"elementor-element elementor-element-76031c08 elementor-widget elementor-widget-heading\" data-id=\"76031c08\" data-element_type=\"widget\" data-e-type=\"widget\" data-widget_type=\"heading.default\">\n\t\t\t\t<div class=\"elementor-widget-container\">\n\t\t\t\t\t<p class=\"elementor-heading-title elementor-size-default\">Na zam\u00f3wienie<\/p>\t\t\t\t<\/div>\n\t\t\t\t<\/div>\n\t\t\t\t<div class=\"elementor-element elementor-element-39b2f497 elementor-widget elementor-widget-cta\" data-id=\"39b2f497\" data-element_type=\"widget\" data-e-type=\"widget\" data-settings=\"{&quot;cta_position&quot;:&quot;column&quot;,&quot;primary_button_shape&quot;:&quot;sharp&quot;,&quot;layout_preset&quot;:&quot;streamline&quot;,&quot;content_alignment&quot;:&quot;start&quot;,&quot;content_alignment_tablet&quot;:&quot;center&quot;,&quot;content_alignment_mobile&quot;:&quot;center&quot;,&quot;cta_width&quot;:&quot;default&quot;,&quot;box_shape&quot;:&quot;sharp&quot;}\" data-widget_type=\"cta.default\">\n\t\t\t\t<div class=\"elementor-widget-container\">\n\t\t\t\t\t\t\t<div class=\"has-shape-sharp shape-type-box ehp-cta has-preset-streamline\">\n\t\t\t<div class=\"ehp-cta__overlay\"><\/div>\n\t\t\t<div class=\"ehp-cta__elements-container\">\n\t\t\t\t\t\t<div class=\"ehp-cta__text-container\">\n\t\t\t<h2 class=\"ehp-cta__heading\">Produkty wykonywane na indywidualne potrzeby<\/h2><p class=\"ehp-cta__description\">Odkryj urok i naturalne pi\u0119kno naszych r\u0119cznie formowanych element\u00f3w. Ka\u017cdy z nich jest starannie odlany i wyko\u0144czony do perfekcji, co zapewnia unikaln\u0105 faktur\u0119 i wyj\u0105tkow\u0105 trwa\u0142o\u015b\u0107. Stworzone z prostych, wysokiej jako\u015bci surowc\u00f3w, stanowi\u0105 ponadczasowy wyb\u00f3r do ka\u017cdej przestrzeni, zar\u00f3wno wewn\u0105trz, jak i na zewn\u0105trz<\/p>\t\t<\/div>\n\t\t\t\t\t<div class=\"ehp-cta__ctas-container has-cta-width-default\">\n\t\t\t\t<div class=\"ehp-cta__buttons-wrapper\">\n\t\t\t\t\t\t\t<a class=\"has-shape-sharp shape-type-button ehp-button ehp-button--primary ehp-cta__button ehp-cta__button--primary is-type-button has-border\" href=\"https:\/\/magolma.netstory.com.pl\/?page_id=257\">\n\t\t\t\t\t<span class=\"ehp-button__text ehp-cta__button-text ehp-cta__button-text--primary\">\n\t\t\tSprawd\u017c\t\t\t\t<\/a>\n\t\t\t\t\t\t\t\t\t\t\t<\/div>\n\t\t\t<\/div>\n\t\t\t\t\t<\/div>\n\t\t<\/div>\n\t\t\t\t\t\t<\/div>\n\t\t\t\t<\/div>\n\t\t\t\t<\/div>\n\t\t<div class=\"elementor-element elementor-element-6eef07cb e-con-full e-flex e-con e-child\" data-id=\"6eef07cb\" data-element_type=\"container\" data-e-type=\"container\">\n\t\t\t\t<div class=\"elementor-element elementor-element-20567a74 animated-slow elementor-widget-mobile__width-initial elementor-invisible elementor-widget elementor-widget-image\" data-id=\"20567a74\" data-element_type=\"widget\" data-e-type=\"widget\" data-settings=\"{&quot;_animation&quot;:&quot;fadeInUp&quot;}\" data-widget_type=\"image.default\">\n\t\t\t\t<div class=\"elementor-widget-container\">\n\t\t\t\t\t\t\t\t\t\t\t\t\t\t\t<img loading=\"lazy\" decoding=\"async\" width=\"1792\" height=\"2560\" src=\"https:\/\/magolma.netstory.com.pl\/wp-content\/uploads\/2025\/07\/Gemini_Generated_Image_e8hyiue8hyiue8hy.png\" class=\"attachment-full size-full wp-image-418\" alt=\"\" srcset=\"https:\/\/magolma.netstory.com.pl\/wp-content\/uploads\/2025\/07\/Gemini_Generated_Image_e8hyiue8hyiue8hy.png 1792w, https:\/\/magolma.netstory.com.pl\/wp-content\/uploads\/2025\/07\/Gemini_Generated_Image_e8hyiue8hyiue8hy-210x300.png 210w, https:\/\/magolma.netstory.com.pl\/wp-content\/uploads\/2025\/07\/Gemini_Generated_Image_e8hyiue8hyiue8hy-717x1024.png 717w, https:\/\/magolma.netstory.com.pl\/wp-content\/uploads\/2025\/07\/Gemini_Generated_Image_e8hyiue8hyiue8hy-768x1097.png 768w\" sizes=\"(max-width: 1792px) 100vw, 1792px\" \/>\t\t\t\t\t\t\t\t\t\t\t\t\t\t\t<\/div>\n\t\t\t\t<\/div>\n\t\t\t\t<div class=\"elementor-element elementor-element-13180179 elementor-widget-mobile__width-initial elementor-invisible elementor-widget elementor-widget-image\" data-id=\"13180179\" data-element_type=\"widget\" data-e-type=\"widget\" data-settings=\"{&quot;_animation&quot;:&quot;fadeInRight&quot;}\" data-widget_type=\"image.default\">\n\t\t\t\t<div class=\"elementor-widget-container\">\n\t\t\t\t\t\t\t\t\t\t\t\t\t\t\t<img loading=\"lazy\" decoding=\"async\" width=\"1792\" height=\"2560\" src=\"https:\/\/magolma.netstory.com.pl\/wp-content\/uploads\/2025\/07\/Gemini_Generated_Image_e8hyiue8hyiue8hy1.png\" class=\"attachment-full size-full wp-image-420\" alt=\"\" srcset=\"https:\/\/magolma.netstory.com.pl\/wp-content\/uploads\/2025\/07\/Gemini_Generated_Image_e8hyiue8hyiue8hy1.png 1792w, https:\/\/magolma.netstory.com.pl\/wp-content\/uploads\/2025\/07\/Gemini_Generated_Image_e8hyiue8hyiue8hy1-210x300.png 210w, https:\/\/magolma.netstory.com.pl\/wp-content\/uploads\/2025\/07\/Gemini_Generated_Image_e8hyiue8hyiue8hy1-717x1024.png 717w, https:\/\/magolma.netstory.com.pl\/wp-content\/uploads\/2025\/07\/Gemini_Generated_Image_e8hyiue8hyiue8hy1-768x1097.png 768w, https:\/\/magolma.netstory.com.pl\/wp-content\/uploads\/2025\/07\/Gemini_Generated_Image_e8hyiue8hyiue8hy1-1075x1536.png 1075w\" sizes=\"(max-width: 1792px) 100vw, 1792px\" \/>\t\t\t\t\t\t\t\t\t\t\t\t\t\t\t<\/div>\n\t\t\t\t<\/div>\n\t\t\t\t<\/div>\n\t\t\t\t\t<\/div>\n\t\t\t\t<\/div>\n\t\t\t\t<\/div>\n\t\t","protected":false},"excerpt":{"rendered":"<p>Magolma &#8211; Wyj\u0105tkowe rozwi\u0105zania dla Twojej przestrzeni W Magolma specjalizujemy si\u0119 w dostarczaniu starannie wyselekcjonowanych element\u00f3w ma\u0142ej architektury oraz produkt\u00f3w do aran\u017cacji wn\u0119trz i ogrod\u00f3w. Wsp\u00f3\u0142pracujemy z zaufanymi producentami, dzi\u0119ki czemu oferujemy naszym klientom wy\u0142\u0105cznie sprawdzone rozwi\u0105zania, kt\u00f3re \u0142\u0105cz\u0105 estetyk\u0119, trwa\u0142o\u015b\u0107 i funkcjonalno\u015b\u0107. Nasza oferta obejmuje szerok\u0105 gam\u0119 produkt\u00f3w \u2013 od eleganckich ogrodze\u0144 i balustrad, [&hellip;]<\/p>\n","protected":false},"author":1,"featured_media":0,"parent":0,"menu_order":0,"comment_status":"closed","ping_status":"closed","template":"elementor_header_footer","meta":{"footnotes":""},"class_list":["post-276","page","type-page","status-publish","hentry"],"_links":{"self":[{"href":"https:\/\/magolma.netstory.com.pl\/index.php?rest_route=\/wp\/v2\/pages\/276","targetHints":{"allow":["GET"]}}],"collection":[{"href":"https:\/\/magolma.netstory.com.pl\/index.php?rest_route=\/wp\/v2\/pages"}],"about":[{"href":"https:\/\/magolma.netstory.com.pl\/index.php?rest_route=\/wp\/v2\/types\/page"}],"author":[{"embeddable":true,"href":"https:\/\/magolma.netstory.com.pl\/index.php?rest_route=\/wp\/v2\/users\/1"}],"replies":[{"embeddable":true,"href":"https:\/\/magolma.netstory.com.pl\/index.php?rest_route=%2Fwp%2Fv2%2Fcomments&post=276"}],"version-history":[{"count":224,"href":"https:\/\/magolma.netstory.com.pl\/index.php?rest_route=\/wp\/v2\/pages\/276\/revisions"}],"predecessor-version":[{"id":715,"href":"https:\/\/magolma.netstory.com.pl\/index.php?rest_route=\/wp\/v2\/pages\/276\/revisions\/715"}],"wp:attachment":[{"href":"https:\/\/magolma.netstory.com.pl\/index.php?rest_route=%2Fwp%2Fv2%2Fmedia&parent=276"}],"curies":[{"name":"wp","href":"https:\/\/api.w.org\/{rel}","templated":true}]}}