{"id":52,"date":"2025-06-29T13:36:34","date_gmt":"2025-06-29T11:36:34","guid":{"rendered":"https:\/\/magolma.netstory.com.pl\/?page_id=52"},"modified":"2025-08-01T15:00:37","modified_gmt":"2025-08-01T13:00:37","slug":"o-nas-2","status":"publish","type":"page","link":"https:\/\/magolma.netstory.com.pl\/?page_id=52","title":{"rendered":"O nas"},"content":{"rendered":"\t\t<div data-elementor-type=\"wp-page\" data-elementor-id=\"52\" class=\"elementor elementor-52\" data-elementor-post-type=\"page\">\n\t\t\t\t<div class=\"elementor-element elementor-element-1317c08f e-con-full e-flex e-con e-parent\" data-id=\"1317c08f\" data-element_type=\"container\" data-e-type=\"container\">\n\t\t<div class=\"elementor-element elementor-element-6bf3945e e-con-full e-flex e-con e-child\" data-id=\"6bf3945e\" data-element_type=\"container\" data-e-type=\"container\">\n\t\t\t\t<div class=\"elementor-element elementor-element-258f778 elementor-widget elementor-widget-image\" data-id=\"258f778\" data-element_type=\"widget\" data-e-type=\"widget\" data-widget_type=\"image.default\">\n\t\t\t\t<div class=\"elementor-widget-container\">\n\t\t\t\t\t\t\t\t\t\t\t\t\t\t\t<img fetchpriority=\"high\" decoding=\"async\" width=\"1024\" height=\"929\" src=\"https:\/\/magolma.netstory.com.pl\/wp-content\/uploads\/2025\/08\/zdjecie-2-kopia.webp\" class=\"attachment-full size-full wp-image-681\" alt=\"\" srcset=\"https:\/\/magolma.netstory.com.pl\/wp-content\/uploads\/2025\/08\/zdjecie-2-kopia.webp 1024w, https:\/\/magolma.netstory.com.pl\/wp-content\/uploads\/2025\/08\/zdjecie-2-kopia-300x272.webp 300w, https:\/\/magolma.netstory.com.pl\/wp-content\/uploads\/2025\/08\/zdjecie-2-kopia-768x697.webp 768w\" sizes=\"(max-width: 1024px) 100vw, 1024px\" \/>\t\t\t\t\t\t\t\t\t\t\t\t\t\t\t<\/div>\n\t\t\t\t<\/div>\n\t\t\t\t<\/div>\n\t\t<div class=\"elementor-element elementor-element-1d1ceeb7 e-con-full e-flex e-con e-child\" data-id=\"1d1ceeb7\" data-element_type=\"container\" data-e-type=\"container\">\n\t\t\t\t<div class=\"elementor-element elementor-element-5441cb66 elementor-widget elementor-widget-heading\" data-id=\"5441cb66\" data-element_type=\"widget\" data-e-type=\"widget\" data-widget_type=\"heading.default\">\n\t\t\t\t<div class=\"elementor-widget-container\">\n\t\t\t\t\t<h1 class=\"elementor-heading-title elementor-size-default\">O nas<\/h1>\t\t\t\t<\/div>\n\t\t\t\t<\/div>\n\t\t\t\t<div class=\"elementor-element elementor-element-6321f01 elementor-widget elementor-widget-text-editor\" data-id=\"6321f01\" data-element_type=\"widget\" data-e-type=\"widget\" data-widget_type=\"text-editor.default\">\n\t\t\t\t<div class=\"elementor-widget-container\">\n\t\t\t\t\t\t\t\t\t<p>Jeste\u015bmy dostawc\u0105 materia\u0142\u00f3w wyko\u0144czeniowych klasy premium, stworzonych z my\u015bl\u0105 o najbardziej wymagaj\u0105cych klientach. W naszej ofercie znajdziesz ekskluzywne elementy ma\u0142ej architektury ogrodowej, ogrodzenia, materia\u0142y wyko\u0144czeniowe do wn\u0119trz i ogrod\u00f3w, kt\u00f3re \u0142\u0105cz\u0105 najwy\u017csz\u0105 jako\u015b\u0107 wykonania z innowacj\u0105 i ponadczasowym designem.<\/p>\t\t\t\t\t\t\t\t<\/div>\n\t\t\t\t<\/div>\n\t\t\t\t<div class=\"elementor-element elementor-element-525cf065 elementor-widget elementor-widget-icon-box\" data-id=\"525cf065\" data-element_type=\"widget\" data-e-type=\"widget\" data-widget_type=\"icon-box.default\">\n\t\t\t\t<div class=\"elementor-widget-container\">\n\t\t\t\t\t\t\t<div class=\"elementor-icon-box-wrapper\">\n\n\t\t\t\n\t\t\t\t\t\t<div class=\"elementor-icon-box-content\">\n\n\t\t\t\t\t\t\t\t\t<p class=\"elementor-icon-box-title\">\n\t\t\t\t\t\t<span  >\n\t\t\t\t\t\t\t\"Architektura powinna m\u00f3wi\u0107 o swoim czasie i miejsciu, ale t\u0119skni\u0107 za ponadczasowo\u015bci\u0105\u201d.\t\t\t\t\t\t<\/span>\n\t\t\t\t\t<\/p>\n\t\t\t\t\n\t\t\t\t\t\t\t\t\t<p class=\"elementor-icon-box-description\">\n\t\t\t\t\t\tFrank Ghery\t\t\t\t\t<\/p>\n\t\t\t\t\n\t\t\t<\/div>\n\t\t\t\n\t\t<\/div>\n\t\t\t\t\t\t<\/div>\n\t\t\t\t<\/div>\n\t\t\t\t<\/div>\n\t\t\t\t<\/div>\n\t\t<div class=\"elementor-element elementor-element-410bcbf7 e-con-full e-flex e-con e-parent\" data-id=\"410bcbf7\" data-element_type=\"container\" data-e-type=\"container\" data-settings=\"{&quot;background_background&quot;:&quot;classic&quot;}\">\n\t\t\t\t<div class=\"elementor-element elementor-element-73e657dd elementor-widget elementor-widget-heading\" data-id=\"73e657dd\" data-element_type=\"widget\" data-e-type=\"widget\" data-widget_type=\"heading.default\">\n\t\t\t\t<div class=\"elementor-widget-container\">\n\t\t\t\t\t<h2 class=\"elementor-heading-title elementor-size-default\">Napisali o nas<\/h2>\t\t\t\t<\/div>\n\t\t\t\t<\/div>\n\t\t\t\t<div class=\"elementor-element elementor-element-36db32f1 elementor-widget elementor-widget-heading\" data-id=\"36db32f1\" data-element_type=\"widget\" data-e-type=\"widget\" data-widget_type=\"heading.default\">\n\t\t\t\t<div class=\"elementor-widget-container\">\n\t\t\t\t\t<h5 class=\"elementor-heading-title elementor-size-default\">To miejsce, w kt\u00f3rym mo\u017cesz zaprezentowa\u0107 publikacje, w kt\u00f3rych Twoje realizacje zosta\u0142y zaprezentowane.(Strony internetowe, czasopisma itp.)<\/h5>\t\t\t\t<\/div>\n\t\t\t\t<\/div>\n\t\t\t\t<div class=\"elementor-element elementor-element-46e4277a elementor-widget elementor-widget-image-carousel\" data-id=\"46e4277a\" data-element_type=\"widget\" data-e-type=\"widget\" data-settings=\"{&quot;slides_to_show&quot;:&quot;6&quot;,&quot;slides_to_show_tablet&quot;:&quot;3&quot;,&quot;navigation&quot;:&quot;none&quot;,&quot;pause_on_hover&quot;:&quot;no&quot;,&quot;pause_on_interaction&quot;:&quot;no&quot;,&quot;image_spacing_custom&quot;:{&quot;unit&quot;:&quot;px&quot;,&quot;size&quot;:&quot;55&quot;,&quot;sizes&quot;:[]},&quot;slides_to_scroll_tablet&quot;:&quot;1&quot;,&quot;slides_to_show_mobile&quot;:&quot;1&quot;,&quot;autoplay&quot;:&quot;yes&quot;,&quot;autoplay_speed&quot;:5000,&quot;infinite&quot;:&quot;yes&quot;,&quot;speed&quot;:500,&quot;image_spacing_custom_tablet&quot;:{&quot;unit&quot;:&quot;px&quot;,&quot;size&quot;:&quot;&quot;,&quot;sizes&quot;:[]}}\" data-widget_type=\"image-carousel.default\">\n\t\t\t\t<div class=\"elementor-widget-container\">\n\t\t\t\t\t\t\t<div class=\"elementor-image-carousel-wrapper swiper\" role=\"region\" aria-roledescription=\"carousel\" aria-label=\"Karuzela obrazk\u00f3w\" dir=\"ltr\">\n\t\t\t<div class=\"elementor-image-carousel swiper-wrapper\" aria-live=\"off\">\n\t\t\t\t\t\t\t\t<div class=\"swiper-slide\" role=\"group\" aria-roledescription=\"slide\" aria-label=\"1 of 5\"><figure class=\"swiper-slide-inner\"><img decoding=\"async\" class=\"swiper-slide-image\" src=\"https:\/\/magolma.netstory.com.pl\/wp-content\/uploads\/2025\/06\/Partners-Logo_5-13122021.svg\" alt=\"Partners-Logo_5-13122021.svg\" \/><\/figure><\/div><div class=\"swiper-slide\" role=\"group\" aria-roledescription=\"slide\" aria-label=\"2 of 5\"><figure class=\"swiper-slide-inner\"><img decoding=\"async\" class=\"swiper-slide-image\" src=\"https:\/\/magolma.netstory.com.pl\/wp-content\/uploads\/2025\/06\/Partners-Logo_2-13122021.svg\" alt=\"Partners-Logo_2-13122021.svg\" \/><\/figure><\/div><div class=\"swiper-slide\" role=\"group\" aria-roledescription=\"slide\" aria-label=\"3 of 5\"><figure class=\"swiper-slide-inner\"><img decoding=\"async\" class=\"swiper-slide-image\" src=\"https:\/\/magolma.netstory.com.pl\/wp-content\/uploads\/2025\/06\/Partners-Logo_1-13122021.svg\" alt=\"Partners-Logo_1-13122021.svg\" \/><\/figure><\/div><div class=\"swiper-slide\" role=\"group\" aria-roledescription=\"slide\" aria-label=\"4 of 5\"><figure class=\"swiper-slide-inner\"><img decoding=\"async\" class=\"swiper-slide-image\" src=\"https:\/\/magolma.netstory.com.pl\/wp-content\/uploads\/2025\/06\/Partners-Logo_4-13122021.svg\" alt=\"Partners-Logo_4-13122021.svg\" \/><\/figure><\/div><div class=\"swiper-slide\" role=\"group\" aria-roledescription=\"slide\" aria-label=\"5 of 5\"><figure class=\"swiper-slide-inner\"><img decoding=\"async\" class=\"swiper-slide-image\" src=\"https:\/\/magolma.netstory.com.pl\/wp-content\/uploads\/2025\/06\/Partners-Logo_3-13122021.svg\" alt=\"Partners-Logo_3-13122021.svg\" \/><\/figure><\/div>\t\t\t<\/div>\n\t\t\t\t\t\t\t\n\t\t\t\t\t\t\t\t\t<\/div>\n\t\t\t\t\t\t<\/div>\n\t\t\t\t<\/div>\n\t\t\t\t<\/div>\n\t\t<div class=\"elementor-element elementor-element-48f76e30 e-con-full e-flex e-con e-parent\" data-id=\"48f76e30\" data-element_type=\"container\" data-e-type=\"container\">\n\t\t\t\t<div class=\"elementor-element elementor-element-778417ff elementor-widget elementor-widget-heading\" data-id=\"778417ff\" data-element_type=\"widget\" data-e-type=\"widget\" data-widget_type=\"heading.default\">\n\t\t\t\t<div class=\"elementor-widget-container\">\n\t\t\t\t\t<h2 class=\"elementor-heading-title elementor-size-default\">Ostatnie projekty<\/h2>\t\t\t\t<\/div>\n\t\t\t\t<\/div>\n\t\t\t\t<div class=\"elementor-element elementor-element-2722b25a elementor-widget elementor-widget-heading\" data-id=\"2722b25a\" data-element_type=\"widget\" data-e-type=\"widget\" data-widget_type=\"heading.default\">\n\t\t\t\t<div class=\"elementor-widget-container\">\n\t\t\t\t\t<h5 class=\"elementor-heading-title elementor-size-default\">Projekty i dostawy wykonane dla naszych klient\u00f3w<\/h5>\t\t\t\t<\/div>\n\t\t\t\t<\/div>\n\t\t\t\t<div class=\"elementor-element elementor-element-1cd0ad96 gallery-spacing-custom elementor-widget elementor-widget-image-gallery\" data-id=\"1cd0ad96\" data-element_type=\"widget\" data-e-type=\"widget\" data-widget_type=\"image-gallery.default\">\n\t\t\t\t<div class=\"elementor-widget-container\">\n\t\t\t\t\t\t\t<div class=\"elementor-image-gallery\">\n\t\t\t<div id='gallery-1' class='gallery galleryid-52 gallery-columns-3 gallery-size-full'><figure class='gallery-item'>\n\t\t\t<div class='gallery-icon portrait'>\n\t\t\t\t<a data-elementor-open-lightbox=\"yes\" data-elementor-lightbox-slideshow=\"1cd0ad96\" data-elementor-lightbox-title=\"Gemini_Generated_Image_wjhng0wjhng0wjhn\" data-e-action-hash=\"#elementor-action%3Aaction%3Dlightbox%26settings%3DeyJpZCI6NDU0LCJ1cmwiOiJodHRwczpcL1wvbWFnb2xtYS5uZXRzdG9yeS5jb20ucGxcL3dwLWNvbnRlbnRcL3VwbG9hZHNcLzIwMjVcLzA3XC9HZW1pbmlfR2VuZXJhdGVkX0ltYWdlX3dqaG5nMHdqaG5nMHdqaG4ucG5nIiwic2xpZGVzaG93IjoiMWNkMGFkOTYifQ%3D%3D\" href='https:\/\/magolma.netstory.com.pl\/wp-content\/uploads\/2025\/07\/Gemini_Generated_Image_wjhng0wjhng0wjhn.png'><img decoding=\"async\" width=\"1792\" height=\"2560\" src=\"https:\/\/magolma.netstory.com.pl\/wp-content\/uploads\/2025\/07\/Gemini_Generated_Image_wjhng0wjhng0wjhn.png\" class=\"attachment-full size-full\" alt=\"\" aria-describedby=\"gallery-1-454\" srcset=\"https:\/\/magolma.netstory.com.pl\/wp-content\/uploads\/2025\/07\/Gemini_Generated_Image_wjhng0wjhng0wjhn.png 1792w, https:\/\/magolma.netstory.com.pl\/wp-content\/uploads\/2025\/07\/Gemini_Generated_Image_wjhng0wjhng0wjhn-210x300.png 210w, https:\/\/magolma.netstory.com.pl\/wp-content\/uploads\/2025\/07\/Gemini_Generated_Image_wjhng0wjhng0wjhn-717x1024.png 717w, https:\/\/magolma.netstory.com.pl\/wp-content\/uploads\/2025\/07\/Gemini_Generated_Image_wjhng0wjhng0wjhn-768x1097.png 768w\" sizes=\"(max-width: 1792px) 100vw, 1792px\" \/><\/a>\n\t\t\t<\/div>\n\t\t\t\t<figcaption class='wp-caption-text gallery-caption' id='gallery-1-454'>\n\t\t\t\tBetonowa dekoracja\n\t\t\t\t<\/figcaption><\/figure><figure class='gallery-item'>\n\t\t\t<div class='gallery-icon portrait'>\n\t\t\t\t<a data-elementor-open-lightbox=\"yes\" data-elementor-lightbox-slideshow=\"1cd0ad96\" data-elementor-lightbox-title=\"Gemini_Generated_Image_e8hyiue8hyiue8hy(1)\" data-e-action-hash=\"#elementor-action%3Aaction%3Dlightbox%26settings%3DeyJpZCI6NDIwLCJ1cmwiOiJodHRwczpcL1wvbWFnb2xtYS5uZXRzdG9yeS5jb20ucGxcL3dwLWNvbnRlbnRcL3VwbG9hZHNcLzIwMjVcLzA3XC9HZW1pbmlfR2VuZXJhdGVkX0ltYWdlX2U4aHlpdWU4aHlpdWU4aHkxLnBuZyIsInNsaWRlc2hvdyI6IjFjZDBhZDk2In0%3D\" href='https:\/\/magolma.netstory.com.pl\/wp-content\/uploads\/2025\/07\/Gemini_Generated_Image_e8hyiue8hyiue8hy1.png'><img decoding=\"async\" width=\"1792\" height=\"2560\" src=\"https:\/\/magolma.netstory.com.pl\/wp-content\/uploads\/2025\/07\/Gemini_Generated_Image_e8hyiue8hyiue8hy1.png\" class=\"attachment-full size-full\" alt=\"\" aria-describedby=\"gallery-1-420\" srcset=\"https:\/\/magolma.netstory.com.pl\/wp-content\/uploads\/2025\/07\/Gemini_Generated_Image_e8hyiue8hyiue8hy1.png 1792w, https:\/\/magolma.netstory.com.pl\/wp-content\/uploads\/2025\/07\/Gemini_Generated_Image_e8hyiue8hyiue8hy1-210x300.png 210w, https:\/\/magolma.netstory.com.pl\/wp-content\/uploads\/2025\/07\/Gemini_Generated_Image_e8hyiue8hyiue8hy1-717x1024.png 717w, https:\/\/magolma.netstory.com.pl\/wp-content\/uploads\/2025\/07\/Gemini_Generated_Image_e8hyiue8hyiue8hy1-768x1097.png 768w, https:\/\/magolma.netstory.com.pl\/wp-content\/uploads\/2025\/07\/Gemini_Generated_Image_e8hyiue8hyiue8hy1-1075x1536.png 1075w\" sizes=\"(max-width: 1792px) 100vw, 1792px\" \/><\/a>\n\t\t\t<\/div>\n\t\t\t\t<figcaption class='wp-caption-text gallery-caption' id='gallery-1-420'>\n\t\t\t\tBetonowa podpora na zam\u00f3wienie\n\t\t\t\t<\/figcaption><\/figure><figure class='gallery-item'>\n\t\t\t<div class='gallery-icon portrait'>\n\t\t\t\t<a data-elementor-open-lightbox=\"yes\" data-elementor-lightbox-slideshow=\"1cd0ad96\" data-elementor-lightbox-title=\"Gemini_Generated_Image_e8hyiue8hyiue8hy\" data-e-action-hash=\"#elementor-action%3Aaction%3Dlightbox%26settings%3DeyJpZCI6NDE5LCJ1cmwiOiJodHRwczpcL1wvbWFnb2xtYS5uZXRzdG9yeS5jb20ucGxcL3dwLWNvbnRlbnRcL3VwbG9hZHNcLzIwMjVcLzA3XC9HZW1pbmlfR2VuZXJhdGVkX0ltYWdlX2U4aHlpdWU4aHlpdWU4aHktMS5wbmciLCJzbGlkZXNob3ciOiIxY2QwYWQ5NiJ9\" href='https:\/\/magolma.netstory.com.pl\/wp-content\/uploads\/2025\/07\/Gemini_Generated_Image_e8hyiue8hyiue8hy-1.png'><img loading=\"lazy\" decoding=\"async\" width=\"1792\" height=\"2560\" src=\"https:\/\/magolma.netstory.com.pl\/wp-content\/uploads\/2025\/07\/Gemini_Generated_Image_e8hyiue8hyiue8hy-1.png\" class=\"attachment-full size-full\" alt=\"\" aria-describedby=\"gallery-1-419\" srcset=\"https:\/\/magolma.netstory.com.pl\/wp-content\/uploads\/2025\/07\/Gemini_Generated_Image_e8hyiue8hyiue8hy-1.png 1792w, https:\/\/magolma.netstory.com.pl\/wp-content\/uploads\/2025\/07\/Gemini_Generated_Image_e8hyiue8hyiue8hy-1-210x300.png 210w, https:\/\/magolma.netstory.com.pl\/wp-content\/uploads\/2025\/07\/Gemini_Generated_Image_e8hyiue8hyiue8hy-1-717x1024.png 717w, https:\/\/magolma.netstory.com.pl\/wp-content\/uploads\/2025\/07\/Gemini_Generated_Image_e8hyiue8hyiue8hy-1-768x1097.png 768w\" sizes=\"(max-width: 1792px) 100vw, 1792px\" \/><\/a>\n\t\t\t<\/div>\n\t\t\t\t<figcaption class='wp-caption-text gallery-caption' id='gallery-1-419'>\n\t\t\t\tBetonowy element dekoracyjny\n\t\t\t\t<\/figcaption><\/figure>\n\t\t<\/div>\n\t\t<\/div>\n\t\t\t\t\t\t<\/div>\n\t\t\t\t<\/div>\n\t\t\t\t<\/div>\n\t\t\t\t<\/div>\n\t\t","protected":false},"excerpt":{"rendered":"<p>O nas Jeste\u015bmy dostawc\u0105 materia\u0142\u00f3w wyko\u0144czeniowych klasy premium, stworzonych z my\u015bl\u0105 o najbardziej wymagaj\u0105cych klientach. W naszej ofercie znajdziesz ekskluzywne elementy ma\u0142ej architektury ogrodowej, ogrodzenia, materia\u0142y wyko\u0144czeniowe do wn\u0119trz i ogrod\u00f3w, kt\u00f3re \u0142\u0105cz\u0105 najwy\u017csz\u0105 jako\u015b\u0107 wykonania z innowacj\u0105 i ponadczasowym designem. &#8220;Architektura powinna m\u00f3wi\u0107 o swoim czasie i miejsciu, ale t\u0119skni\u0107 za ponadczasowo\u015bci\u0105\u201d. Frank Ghery [&hellip;]<\/p>\n","protected":false},"author":1,"featured_media":63,"parent":0,"menu_order":0,"comment_status":"closed","ping_status":"closed","template":"elementor_header_footer","meta":{"footnotes":""},"class_list":["post-52","page","type-page","status-publish","has-post-thumbnail","hentry"],"_links":{"self":[{"href":"https:\/\/magolma.netstory.com.pl\/index.php?rest_route=\/wp\/v2\/pages\/52","targetHints":{"allow":["GET"]}}],"collection":[{"href":"https:\/\/magolma.netstory.com.pl\/index.php?rest_route=\/wp\/v2\/pages"}],"about":[{"href":"https:\/\/magolma.netstory.com.pl\/index.php?rest_route=\/wp\/v2\/types\/page"}],"author":[{"embeddable":true,"href":"https:\/\/magolma.netstory.com.pl\/index.php?rest_route=\/wp\/v2\/users\/1"}],"replies":[{"embeddable":true,"href":"https:\/\/magolma.netstory.com.pl\/index.php?rest_route=%2Fwp%2Fv2%2Fcomments&post=52"}],"version-history":[{"count":50,"href":"https:\/\/magolma.netstory.com.pl\/index.php?rest_route=\/wp\/v2\/pages\/52\/revisions"}],"predecessor-version":[{"id":733,"href":"https:\/\/magolma.netstory.com.pl\/index.php?rest_route=\/wp\/v2\/pages\/52\/revisions\/733"}],"wp:featuredmedia":[{"embeddable":true,"href":"https:\/\/magolma.netstory.com.pl\/index.php?rest_route=\/wp\/v2\/media\/63"}],"wp:attachment":[{"href":"https:\/\/magolma.netstory.com.pl\/index.php?rest_route=%2Fwp%2Fv2%2Fmedia&parent=52"}],"curies":[{"name":"wp","href":"https:\/\/api.w.org\/{rel}","templated":true}]}}